{"id":74,"date":"2010-03-12T10:51:54","date_gmt":"2010-03-12T09:51:54","guid":{"rendered":"http:\/\/www.corakunst.de\/?page_id=74"},"modified":"2026-04-08T11:04:53","modified_gmt":"2026-04-08T10:04:53","slug":"kontakt","status":"publish","type":"page","link":"https:\/\/corakunst.de\/en\/kontakt\/","title":{"rendered":"Contact us"},"content":{"rendered":"<p><\/p>\n<h2>Imprint<\/h2>\n<dl class=\"imp\"><\/dl>\n<p><strong>Impressum<\/strong><\/p>\n<p><strong>Angaben gem\u00e4\u00df \u00a7 5 TMG<\/strong><\/p>\n<p>Cora A. Schwindt<br \/>\nAtelier f\u00fcr Kunst, Kreativit\u00e4t und Ausdruck<br \/>\nRudolf-Binding-Weg 17<br \/>\n63303 Dreieich-Buchschlag<\/p>\n<p>E-Mail: <a href=\"mailto:info@corakunst.de\">info@corakunst.de<\/a><\/p>\n<hr \/>\n<p><strong>Verantwortlich f\u00fcr den Inhalt nach \u00a7 18 Abs. 2 MStV:<\/strong><br \/>\nCora A. Schwindt<br \/>\nRudolf-Binding-Weg 17<br \/>\n63303 Dreieich-Buchschlag<\/p>\n<hr \/>\n<p><strong>Umsatzsteuer-ID \/ Steuernummer:<\/strong><br \/>\nSteuernummer: 028-868\/61252<\/p>\n<hr \/>\n<p><strong>Haftung f\u00fcr Inhalte<\/strong><br \/>\nDie Inhalte unserer Seiten wurden mit gr\u00f6\u00dfter Sorgfalt erstellt. F\u00fcr die Richtigkeit, Vollst\u00e4ndigkeit und Aktualit\u00e4t der Inhalte k\u00f6nnen wir jedoch keine Gew\u00e4hr \u00fcbernehmen.<\/p>\n<hr \/>\n<p><strong>Haftung f\u00fcr Links<\/strong><br \/>\nUnsere Website enth\u00e4lt ggf. Links zu externen Websites Dritter, auf deren Inhalte wir keinen Einfluss haben. F\u00fcr diese fremden Inhalte \u00fcbernehmen wir keine Gew\u00e4hr. F\u00fcr die Inhalte der verlinkten Seiten ist stets der jeweilige Anbieter oder Betreiber der Seiten verantwortlich.<\/p>\n<hr \/>\n<p><strong>Urheberrecht<\/strong><br \/>\nDie durch die Seitenbetreiberin erstellten Inhalte und Werke auf diesen Seiten unterliegen dem deutschen Urheberrecht. Die Vervielf\u00e4ltigung, Bearbeitung, Verbreitung und jede Art der Verwertung au\u00dferhalb der Grenzen des Urheberrechts bed\u00fcrfen der schriftlichen Zustimmung der jeweiligen Autorin bzw. Erstellerin.<\/p>\n<p>&nbsp;<\/p>","protected":false},"excerpt":{"rendered":"<p>Imprint Impressum Angaben gem\u00e4\u00df \u00a7 5 TMG Cora A. Schwindt Atelier f\u00fcr Kunst, Kreativit\u00e4t und Ausdruck Rudolf-Binding-Weg 17 63303 Dreieich-Buchschlag E-Mail: info@corakunst.de Verantwortlich f\u00fcr den Inhalt nach \u00a7 18 Abs. 2 MStV: Cora A. Schwindt Rudolf-Binding-Weg 17 63303 Dreieich-Buchschlag Umsatzsteuer-ID \/ Steuernummer: Steuernummer: 028-868\/61252 Haftung f\u00fcr Inhalte Die Inhalte unserer Seiten wurden mit gr\u00f6\u00dfter Sorgfalt &hellip; <a href=\"https:\/\/corakunst.de\/en\/kontakt\/\" class=\"more-link\">Continue reading <span class=\"screen-reader-text\">Contact us<\/span><\/a><\/p>\n","protected":false},"author":2,"featured_media":1748,"parent":0,"menu_order":80,"comment_status":"closed","ping_status":"open","template":"","meta":{"footnotes":""},"class_list":["post-74","page","type-page","status-publish","has-post-thumbnail","hentry"],"_links":{"self":[{"href":"https:\/\/corakunst.de\/en\/wp-json\/wp\/v2\/pages\/74","targetHints":{"allow":["GET"]}}],"collection":[{"href":"https:\/\/corakunst.de\/en\/wp-json\/wp\/v2\/pages"}],"about":[{"href":"https:\/\/corakunst.de\/en\/wp-json\/wp\/v2\/types\/page"}],"author":[{"embeddable":true,"href":"https:\/\/corakunst.de\/en\/wp-json\/wp\/v2\/users\/2"}],"replies":[{"embeddable":true,"href":"https:\/\/corakunst.de\/en\/wp-json\/wp\/v2\/comments?post=74"}],"version-history":[{"count":3,"href":"https:\/\/corakunst.de\/en\/wp-json\/wp\/v2\/pages\/74\/revisions"}],"predecessor-version":[{"id":4105,"href":"https:\/\/corakunst.de\/en\/wp-json\/wp\/v2\/pages\/74\/revisions\/4105"}],"wp:featuredmedia":[{"embeddable":true,"href":"https:\/\/corakunst.de\/en\/wp-json\/wp\/v2\/media\/1748"}],"wp:attachment":[{"href":"https:\/\/corakunst.de\/en\/wp-json\/wp\/v2\/media?parent=74"}],"curies":[{"name":"wp","href":"https:\/\/api.w.org\/{rel}","templated":true}]}}