{"id":31,"date":"2010-03-11T17:29:51","date_gmt":"2010-03-11T16:29:51","guid":{"rendered":"http:\/\/www.corakunst.de\/?page_id=31"},"modified":"2020-01-26T22:58:40","modified_gmt":"2020-01-26T21:58:40","slug":"links","status":"publish","type":"page","link":"https:\/\/corakunst.de\/en\/links\/","title":{"rendered":"Links"},"content":{"rendered":"<p>Ich arbeite gerne mit anderen K\u00fcnstlern zusammen, lasse mich von ihnen inspirieren, bringe mich ein. So wachsen kleinere und gr\u00f6\u00dfere gemeinsame Projekte.<\/p>\n<div>\n<h2>Linda- Ludewig- Nold<\/h2>\n<p>Die archaisch verzaubernde Klangwellen der Gongs k\u00f6nnen uns davon tragen. Sie lenken unsere Aufmerksamkeit vom \u00c4u\u00dferen nach innen.<br \/>\nSie ber\u00fchren uns bis in die feinsten Ver\u00e4stelungen unseres K\u00f6rpers und hinterlassen ihre Spuren.<\/p>\n<p>Homepage: <a class=\"thumbnail\" href=\"https:\/\/www.gongsonanz.de\/\">www.gongsonanz.de<\/a><\/p>\n<\/div>\n<div>\n<p>&nbsp;<\/p>\n<h2><\/h2>\n<p>&nbsp;<\/p>\n<\/div>\n","protected":false},"excerpt":{"rendered":"<p>Ich arbeite gerne mit anderen K\u00fcnstlern zusammen, lasse mich von ihnen inspirieren, bringe mich ein. So wachsen kleinere und gr\u00f6\u00dfere gemeinsame Projekte. Linda- Ludewig- Nold Die archaisch verzaubernde Klangwellen der Gongs k\u00f6nnen uns davon tragen. Sie lenken unsere Aufmerksamkeit vom \u00c4u\u00dferen nach innen. Sie ber\u00fchren uns bis in die feinsten Ver\u00e4stelungen unseres K\u00f6rpers und hinterlassen &hellip; <a href=\"https:\/\/corakunst.de\/en\/links\/\" class=\"more-link\">Continue reading <span class=\"screen-reader-text\">Links<\/span><\/a><\/p>\n","protected":false},"author":2,"featured_media":1748,"parent":0,"menu_order":70,"comment_status":"closed","ping_status":"open","template":"","meta":{"footnotes":""},"class_list":["post-31","page","type-page","status-publish","has-post-thumbnail","hentry"],"_links":{"self":[{"href":"https:\/\/corakunst.de\/en\/wp-json\/wp\/v2\/pages\/31","targetHints":{"allow":["GET"]}}],"collection":[{"href":"https:\/\/corakunst.de\/en\/wp-json\/wp\/v2\/pages"}],"about":[{"href":"https:\/\/corakunst.de\/en\/wp-json\/wp\/v2\/types\/page"}],"author":[{"embeddable":true,"href":"https:\/\/corakunst.de\/en\/wp-json\/wp\/v2\/users\/2"}],"replies":[{"embeddable":true,"href":"https:\/\/corakunst.de\/en\/wp-json\/wp\/v2\/comments?post=31"}],"version-history":[{"count":0,"href":"https:\/\/corakunst.de\/en\/wp-json\/wp\/v2\/pages\/31\/revisions"}],"wp:featuredmedia":[{"embeddable":true,"href":"https:\/\/corakunst.de\/en\/wp-json\/wp\/v2\/media\/1748"}],"wp:attachment":[{"href":"https:\/\/corakunst.de\/en\/wp-json\/wp\/v2\/media?parent=31"}],"curies":[{"name":"wp","href":"https:\/\/api.w.org\/{rel}","templated":true}]}}